{"id":526,"date":"2021-02-02T16:50:03","date_gmt":"2021-02-02T16:50:03","guid":{"rendered":"https:\/\/katarinaramljak.com\/?page_id=526"},"modified":"2025-01-13T13:23:59","modified_gmt":"2025-01-13T13:23:59","slug":"katarina-ramljak","status":"publish","type":"page","link":"https:\/\/katarinaramljak.com\/en\/katarina-ramljak\/","title":{"rendered":"O Katarini Ramljak"},"content":{"rendered":"<div data-elementor-type=\"wp-page\" data-elementor-id=\"526\" class=\"elementor elementor-526\" data-elementor-post-type=\"page\">\n\t\t\t\t\t\t<section class=\"elementor-section elementor-top-section elementor-element elementor-element-f1842c6 elementor-section-boxed elementor-section-height-default elementor-section-height-default\" data-id=\"f1842c6\" data-element_type=\"section\">\n\t\t\t\t\t\t<div class=\"elementor-container elementor-column-gap-default\">\n\t\t\t\t\t<div class=\"elementor-column elementor-col-100 elementor-top-column elementor-element elementor-element-eb1b1df\" data-id=\"eb1b1df\" data-element_type=\"column\">\n\t\t\t<div class=\"elementor-widget-wrap elementor-element-populated\">\n\t\t\t\t\t\t<div class=\"elementor-element elementor-element-be8e494 elementor-widget elementor-widget-heading\" data-id=\"be8e494\" data-element_type=\"widget\" data-widget_type=\"heading.default\">\n\t\t\t\t<div class=\"elementor-widget-container\">\n\t\t\t\t\t<h1 class=\"elementor-heading-title elementor-size-default\">ABOUT ME <\/h1>\t\t\t\t<\/div>\n\t\t\t\t<\/div>\n\t\t\t\t\t<\/div>\n\t\t<\/div>\n\t\t\t\t\t<\/div>\n\t\t<\/section>\n\t\t\t\t<section class=\"elementor-section elementor-top-section elementor-element elementor-element-4cf205d elementor-section-full_width elementor-section-stretched elementor-section-height-default elementor-section-height-default\" data-id=\"4cf205d\" data-element_type=\"section\" data-settings=\"{&quot;stretch_section&quot;:&quot;section-stretched&quot;}\">\n\t\t\t\t\t\t<div class=\"elementor-container elementor-column-gap-default\">\n\t\t\t\t\t<div class=\"elementor-column elementor-col-100 elementor-top-column elementor-element elementor-element-05bd175\" data-id=\"05bd175\" data-element_type=\"column\">\n\t\t\t<div class=\"elementor-widget-wrap elementor-element-populated\">\n\t\t\t\t\t\t<div class=\"elementor-element elementor-element-185db6a elementor-widget elementor-widget-image\" data-id=\"185db6a\" data-element_type=\"widget\" data-widget_type=\"image.default\">\n\t\t\t\t<div class=\"elementor-widget-container\">\n\t\t\t\t\t\t\t\t\t\t\t\t\t\t\t<img fetchpriority=\"high\" decoding=\"async\" width=\"1920\" height=\"31\" src=\"https:\/\/katarinaramljak.com\/wp-content\/uploads\/2022\/03\/Line-3.png\" class=\"attachment-full size-full wp-image-2662\" alt=\"\" srcset=\"https:\/\/katarinaramljak.com\/wp-content\/uploads\/2022\/03\/Line-3.png 1920w, https:\/\/katarinaramljak.com\/wp-content\/uploads\/2022\/03\/Line-3-600x10.png 600w, https:\/\/katarinaramljak.com\/wp-content\/uploads\/2022\/03\/Line-3-300x5.png 300w, https:\/\/katarinaramljak.com\/wp-content\/uploads\/2022\/03\/Line-3-1024x17.png 1024w, https:\/\/katarinaramljak.com\/wp-content\/uploads\/2022\/03\/Line-3-768x12.png 768w, https:\/\/katarinaramljak.com\/wp-content\/uploads\/2022\/03\/Line-3-1536x25.png 1536w\" sizes=\"(max-width: 1920px) 100vw, 1920px\" \/>\t\t\t\t\t\t\t\t\t\t\t\t\t\t\t<\/div>\n\t\t\t\t<\/div>\n\t\t\t\t\t<\/div>\n\t\t<\/div>\n\t\t\t\t\t<\/div>\n\t\t<\/section>\n\t\t\t\t<section class=\"elementor-section elementor-top-section elementor-element elementor-element-0f52efd elementor-section-content-middle elementor-section-boxed elementor-section-height-default elementor-section-height-default\" data-id=\"0f52efd\" data-element_type=\"section\" data-settings=\"{&quot;background_background&quot;:&quot;classic&quot;,&quot;shape_divider_top&quot;:&quot;tilt&quot;}\">\n\t\t\t\t\t<div class=\"elementor-shape elementor-shape-top\" aria-hidden=\"true\" data-negative=\"false\">\n\t\t\t<svg xmlns=\"http:\/\/www.w3.org\/2000\/svg\" viewbox=\"0 0 1000 100\" preserveaspectratio=\"none\">\n\t<path class=\"elementor-shape-fill\" d=\"M0,6V0h1000v100L0,6z\"\/>\n<\/svg>\t\t<\/div>\n\t\t\t\t\t<div class=\"elementor-container elementor-column-gap-default\">\n\t\t\t\t\t<div class=\"elementor-column elementor-col-50 elementor-top-column elementor-element elementor-element-2aa3638\" data-id=\"2aa3638\" data-element_type=\"column\">\n\t\t\t<div class=\"elementor-widget-wrap elementor-element-populated\">\n\t\t\t\t\t\t<div class=\"elementor-element elementor-element-3f0ee03 elementor-widget elementor-widget-text-editor\" data-id=\"3f0ee03\" data-element_type=\"widget\" data-widget_type=\"text-editor.default\">\n\t\t\t\t<div class=\"elementor-widget-container\">\n\t\t\t\t\t\t\t\t\t<p>Hello! My name is Katarina Ramljak. I discovered Access Consciousness tools because I was looking for something different in my life, I wanted a change.<\/p><p>I was always very curious and wanted to know everything about everything. I traveled a lot and also have experience with different jobs and activities, tourism, translating, cultural institutions, singing, dancing, foreign languages. I was always interested in all aspects of life on this planet and it seemed that no matter how much I studied and took all kinds of courses (I have a masters degree in Geography and another one in Portuguese language and culture) that the most important things I don't know. I don't know what I want, that life can be so much more and I don't know how to get there, that when it gets difficult I don't know how to be with it, that I am not enough, but then again sometimes I am too much...<\/p><p>Sometimes it is hard to explain what Access Consciousness tools and sessions create and why to choose them, as they can change any and all aspects of our life, and of course without promising results. Because it is not about results. It is about becoming aware of all aspects of our lives so we can choose what works for us and our body. So we can stop living on auto-pilot. So you can dissipate and release all limitations, believes, fears that are stopping us on our way. \nDo you want to change the energy of our body so that molecules can vibrate with happiness? So you can be magnificent as you are?<\/p><p>The changes that I sow on my clients and other people using Access Consciousness tools are really beautiful.<\/p><p>Access Consciousness is an invitation for a life with more joy and lightness.<br \/>So I invite you to listen to your body and to trust you. I invite to for a change that starts within. I invite to to a gentle and yet very powerful revolution.<\/p><p>\u00a0<\/p><p>Bez obzira da li \u017eivite u Zagrebu ili negdje drugo, slobodno mi se javite ako ste zainteresirani za tretman ili te\u010daj. Do sada sam dr\u017eala te\u010dajeve u Dubrovniku, Splitu, Mostaru, \u0161to je jo\u0161 sve mogu\u0107e i koliko se grad u kojem \u017eivite mo\u017ee promijeniti radi promjene koju ste vi voljni biti i pokrenuti?<\/p><p>\u00a0<\/p>\t\t\t\t\t\t\t\t<\/div>\n\t\t\t\t<\/div>\n\t\t\t\t\t<\/div>\n\t\t<\/div>\n\t\t\t\t<div class=\"elementor-column elementor-col-50 elementor-top-column elementor-element elementor-element-b59eef4\" data-id=\"b59eef4\" data-element_type=\"column\">\n\t\t\t<div class=\"elementor-widget-wrap elementor-element-populated\">\n\t\t\t\t\t\t<div class=\"elementor-element elementor-element-369e0b7 elementor-widget elementor-widget-spacer\" data-id=\"369e0b7\" data-element_type=\"widget\" data-widget_type=\"spacer.default\">\n\t\t\t\t<div class=\"elementor-widget-container\">\n\t\t\t\t\t\t\t<div class=\"elementor-spacer\">\n\t\t\t<div class=\"elementor-spacer-inner\"><\/div>\n\t\t<\/div>\n\t\t\t\t\t\t<\/div>\n\t\t\t\t<\/div>\n\t\t\t\t\t<\/div>\n\t\t<\/div>\n\t\t\t\t\t<\/div>\n\t\t<\/section>\n\t\t\t\t<section class=\"elementor-section elementor-top-section elementor-element elementor-element-0801517 elementor-section-boxed elementor-section-height-default elementor-section-height-default\" data-id=\"0801517\" data-element_type=\"section\" data-settings=\"{&quot;background_background&quot;:&quot;classic&quot;}\">\n\t\t\t\t\t\t<div class=\"elementor-container elementor-column-gap-default\">\n\t\t\t\t\t<div class=\"elementor-column elementor-col-100 elementor-top-column elementor-element elementor-element-e213f11\" data-id=\"e213f11\" data-element_type=\"column\">\n\t\t\t<div class=\"elementor-widget-wrap elementor-element-populated\">\n\t\t\t\t\t\t<div class=\"elementor-element elementor-element-866006d elementor-widget elementor-widget-heading\" data-id=\"866006d\" data-element_type=\"widget\" data-widget_type=\"heading.default\">\n\t\t\t\t<div class=\"elementor-widget-container\">\n\t\t\t\t\t<h2 class=\"elementor-heading-title elementor-size-default\">Would your molecules maybe care for <br> a dance?<\/h2>\t\t\t\t<\/div>\n\t\t\t\t<\/div>\n\t\t\t\t\t<\/div>\n\t\t<\/div>\n\t\t\t\t\t<\/div>\n\t\t<\/section>\n\t\t\t\t<section class=\"elementor-section elementor-top-section elementor-element elementor-element-78c3b14 elementor-section-boxed elementor-section-height-default elementor-section-height-default\" data-id=\"78c3b14\" data-element_type=\"section\">\n\t\t\t\t\t\t<div class=\"elementor-container elementor-column-gap-default\">\n\t\t\t\t\t<div class=\"elementor-column elementor-col-50 elementor-top-column elementor-element elementor-element-52abc9f\" data-id=\"52abc9f\" data-element_type=\"column\">\n\t\t\t<div class=\"elementor-widget-wrap elementor-element-populated\">\n\t\t\t\t\t\t<div class=\"elementor-element elementor-element-3e98f90 elementor-widget elementor-widget-image\" data-id=\"3e98f90\" data-element_type=\"widget\" data-widget_type=\"image.default\">\n\t\t\t\t<div class=\"elementor-widget-container\">\n\t\t\t\t\t\t\t\t\t\t\t\t\t\t\t<img decoding=\"async\" width=\"1024\" height=\"1024\" src=\"https:\/\/katarinaramljak.com\/wp-content\/uploads\/2025\/01\/Dizajn-bez-naslova-8-1024x1024.png\" class=\"attachment-large size-large wp-image-4777\" alt=\"\" srcset=\"https:\/\/katarinaramljak.com\/wp-content\/uploads\/2025\/01\/Dizajn-bez-naslova-8-1024x1024.png 1024w, https:\/\/katarinaramljak.com\/wp-content\/uploads\/2025\/01\/Dizajn-bez-naslova-8-300x300.png 300w, https:\/\/katarinaramljak.com\/wp-content\/uploads\/2025\/01\/Dizajn-bez-naslova-8-150x150.png 150w, https:\/\/katarinaramljak.com\/wp-content\/uploads\/2025\/01\/Dizajn-bez-naslova-8-768x768.png 768w, https:\/\/katarinaramljak.com\/wp-content\/uploads\/2025\/01\/Dizajn-bez-naslova-8-12x12.png 12w, https:\/\/katarinaramljak.com\/wp-content\/uploads\/2025\/01\/Dizajn-bez-naslova-8-650x650.png 650w, https:\/\/katarinaramljak.com\/wp-content\/uploads\/2025\/01\/Dizajn-bez-naslova-8-600x600.png 600w, https:\/\/katarinaramljak.com\/wp-content\/uploads\/2025\/01\/Dizajn-bez-naslova-8-100x100.png 100w, https:\/\/katarinaramljak.com\/wp-content\/uploads\/2025\/01\/Dizajn-bez-naslova-8.png 1080w\" sizes=\"(max-width: 1024px) 100vw, 1024px\" \/>\t\t\t\t\t\t\t\t\t\t\t\t\t\t\t<\/div>\n\t\t\t\t<\/div>\n\t\t\t\t\t<\/div>\n\t\t<\/div>\n\t\t\t\t<div class=\"elementor-column elementor-col-50 elementor-top-column elementor-element elementor-element-1452727\" data-id=\"1452727\" data-element_type=\"column\">\n\t\t\t<div class=\"elementor-widget-wrap elementor-element-populated\">\n\t\t\t\t\t\t<div class=\"elementor-element elementor-element-135423b elementor-align-left elementor-mobile-align-center elementor-widget elementor-widget-button\" data-id=\"135423b\" data-element_type=\"widget\" data-widget_type=\"button.default\">\n\t\t\t\t<div class=\"elementor-widget-container\">\n\t\t\t\t\t\t\t\t\t<div class=\"elementor-button-wrapper\">\n\t\t\t\t\t<a class=\"elementor-button elementor-button-link elementor-size-xs\" href=\"https:\/\/katarinaramljak.com\/en\/kontakt\/\">\n\t\t\t\t\t\t<span class=\"elementor-button-content-wrapper\">\n\t\t\t\t\t\t\t\t\t<span class=\"elementor-button-text\">LET'S MEET <\/span>\n\t\t\t\t\t<\/span>\n\t\t\t\t\t<\/a>\n\t\t\t\t<\/div>\n\t\t\t\t\t\t\t\t<\/div>\n\t\t\t\t<\/div>\n\t\t\t\t\t<\/div>\n\t\t<\/div>\n\t\t\t\t\t<\/div>\n\t\t<\/section>\n\t\t\t\t<\/div>","protected":false},"excerpt":{"rendered":"<p>O MENI Moje ime je Katarina Ramljak. Po\u010dela sam se baviti Access Consciousness tehnikom jer sam tra\u017eila ne\u0161to druga\u010dije u \u017eivotu, htjela sam promjenu. Oduvijek sam bila znati\u017eeljna i svestrana osoba. Puno sam putovala, imam iskustva s razli\u010ditim poslovima i aktivnostima, turizam, prevo\u0111enje, rad u kulturnim institucijama, pjevanje, ples, strani jezici. Oduvijek su me zanimali [&hellip;]<\/p>","protected":false},"author":4,"featured_media":0,"parent":0,"menu_order":0,"comment_status":"closed","ping_status":"closed","template":"elementor_header_footer","meta":{"_seopress_robots_primary_cat":"","_seopress_titles_title":"Katarina Ramljak | Access Consciousness","_seopress_titles_desc":"Moje ime je Katarina Ramljak. Po\u010dela sam se baviti Access Consciousness tehnikom jer sam tra\u017eila ne\u0161to druga\u010dije u \u017eivotu, htjela sam promjenu. Oduvijek sam bila znati\u017eeljna i svestrana osoba. Puno sam putovala, imam iskustva s razli\u010ditim poslovima i aktivnostima, turizam, prevo\u0111enje, rad u kulturnim institucijama, pjevanje, ples, strani jezici. Oduvijek su me zanimali svi aspekti \u017eivota na ovoj planeti i \u010dinilo mi se koliko god studirala i i\u0161la na razne te\u010dajeve (zavr\u0161ila sam studij Geografije i Portugalskog jezika i kulture u Zagrebu, i magistarski studij u Portugalu) da najbitnije ne znam. Da ne znam \u0161to \u017eelim, da \u017eivot mo\u017ee biti ljep\u0161i, da kad mi je te\u0161ko ne znam se nositi s tim, da nikad nisam dovoljno, a opet ponekad sam previ\u0161e, da je drugim ljudima sve jasno a meni i dalje nije.","_seopress_robots_index":"","site-sidebar-layout":"no-sidebar","site-content-layout":"page-builder","ast-site-content-layout":"default","site-content-style":"default","site-sidebar-style":"default","ast-global-header-display":"","ast-banner-title-visibility":"","ast-main-header-display":"","ast-hfb-above-header-display":"","ast-hfb-below-header-display":"","ast-hfb-mobile-header-display":"","site-post-title":"disabled","ast-breadcrumbs-content":"","ast-featured-img":"disabled","footer-sml-layout":"","theme-transparent-header-meta":"","adv-header-id-meta":null,"stick-header-meta":null,"header-above-stick-meta":null,"header-main-stick-meta":null,"header-below-stick-meta":null,"astra-migrate-meta-layouts":"default","ast-page-background-enabled":"default","ast-page-background-meta":{"desktop":{"background-color":"var(--ast-global-color-4)","background-image":"","background-repeat":"repeat","background-position":"center center","background-size":"auto","background-attachment":"scroll","background-type":"","background-media":"","overlay-type":"","overlay-color":"","overlay-opacity":"","overlay-gradient":""},"tablet":{"background-color":"","background-image":"","background-repeat":"repeat","background-position":"center center","background-size":"auto","background-attachment":"scroll","background-type":"","background-media":"","overlay-type":"","overlay-color":"","overlay-opacity":"","overlay-gradient":""},"mobile":{"background-color":"","background-image":"","background-repeat":"repeat","background-position":"center center","background-size":"auto","background-attachment":"scroll","background-type":"","background-media":"","overlay-type":"","overlay-color":"","overlay-opacity":"","overlay-gradient":""}},"ast-content-background-meta":{"desktop":{"background-color":"var(--ast-global-color-5)","background-image":"","background-repeat":"repeat","background-position":"center center","background-size":"auto","background-attachment":"scroll","background-type":"","background-media":"","overlay-type":"","overlay-color":"","overlay-opacity":"","overlay-gradient":""},"tablet":{"background-color":"var(--ast-global-color-5)","background-image":"","background-repeat":"repeat","background-position":"center center","background-size":"auto","background-attachment":"scroll","background-type":"","background-media":"","overlay-type":"","overlay-color":"","overlay-opacity":"","overlay-gradient":""},"mobile":{"background-color":"var(--ast-global-color-5)","background-image":"","background-repeat":"repeat","background-position":"center center","background-size":"auto","background-attachment":"scroll","background-type":"","background-media":"","overlay-type":"","overlay-color":"","overlay-opacity":"","overlay-gradient":""}},"footnotes":""},"class_list":["post-526","page","type-page","status-publish","hentry"],"_links":{"self":[{"href":"https:\/\/katarinaramljak.com\/en\/wp-json\/wp\/v2\/pages\/526","targetHints":{"allow":["GET"]}}],"collection":[{"href":"https:\/\/katarinaramljak.com\/en\/wp-json\/wp\/v2\/pages"}],"about":[{"href":"https:\/\/katarinaramljak.com\/en\/wp-json\/wp\/v2\/types\/page"}],"author":[{"embeddable":true,"href":"https:\/\/katarinaramljak.com\/en\/wp-json\/wp\/v2\/users\/4"}],"replies":[{"embeddable":true,"href":"https:\/\/katarinaramljak.com\/en\/wp-json\/wp\/v2\/comments?post=526"}],"version-history":[{"count":0,"href":"https:\/\/katarinaramljak.com\/en\/wp-json\/wp\/v2\/pages\/526\/revisions"}],"wp:attachment":[{"href":"https:\/\/katarinaramljak.com\/en\/wp-json\/wp\/v2\/media?parent=526"}],"curies":[{"name":"wp","href":"https:\/\/api.w.org\/{rel}","templated":true}]}}