{"id":4895,"date":"2025-04-18T14:18:33","date_gmt":"2025-04-18T14:18:33","guid":{"rendered":"https:\/\/katarinaramljak.com\/?post_type=product&#038;p=4895"},"modified":"2025-04-18T14:18:34","modified_gmt":"2025-04-18T14:18:34","slug":"7-dana-simfonije-mogucnosti","status":"publish","type":"product","link":"https:\/\/katarinaramljak.com\/en\/product\/7-dana-simfonije-mogucnosti\/","title":{"rendered":"7 dana Simfonije mogu\u0107nosti"},"content":{"rendered":"<p>Da li biste voljeli svakog dana energetski narasti u svim smjerovima, u vi\u0161e prostora, u vi\u0161e mogu\u0107nosti?<\/p>\n<p>Pozivam vas na 7 dana Simfonije mogu\u0107nosti.<\/p>\n<p>\u0160to je S<span class=\"x7l2uk3 xt0e3qv\">imfonija mogu\u0107nosti<\/span> ?<br \/>\nEnergetski tretman koji se mo\u017ee raditi u \u017eivo ali i na daljinu. Kada se odlu\u010dite na individualni SOP tretman traje 45 minuta i vi birate \u0161to biste voljeli dobiti od tretmana, a ovih tjedan dana \u0107emo imati malo druga\u010diji format. Svakog dana 15 &#8211; 20 minuta \u0107u vam raditi SOP na daljinu u grupi, i svaki dan \u0107e biti druga tema.<br \/>\nSimfonija mogu\u0107nosti nas otvara prema vi\u0161e mogu\u0107nosti, otvara vrata koja smo zatvorili, prozore, puteve.<br \/>\nJedino \u0161to vi trebate napraviti je priklju\u010diti se na Zoom i to je to, mo\u017eete le\u017eati, sjediti, \u0161etati.<\/p>\n<p>Nije potrebno prethodno znanje ili iskustvo.<\/p>\n<p>Svakog dana u 21h, osim u subotu 26.4, u 16h.<\/p>","protected":false},"excerpt":{"rendered":"<p>Da li biste voljeli svakog dana energetski narasti u svim smjerovima, u vi\u0161e prostora, u vi\u0161e mogu\u0107nosti? Pozivam vas na 7 dana Simfonije mogu\u0107nosti. \u0160to je Simfonija mogu\u0107nosti ? Energetski tretman koji se mo\u017ee raditi u \u017eivo ali i na daljinu. Kada se odlu\u010dite na individualni SOP tretman traje 45 minuta i vi birate \u0161to [&hellip;]<\/p>","protected":false},"featured_media":4898,"template":"","meta":{"_seopress_robots_primary_cat":"","_seopress_titles_title":"","_seopress_titles_desc":"","_seopress_robots_index":"","site-sidebar-layout":"default","site-content-layout":"","ast-site-content-layout":"default","site-content-style":"default","site-sidebar-style":"default","ast-global-header-display":"","ast-banner-title-visibility":"","ast-main-header-display":"","ast-hfb-above-header-display":"","ast-hfb-below-header-display":"","ast-hfb-mobile-header-display":"","site-post-title":"","ast-breadcrumbs-content":"","ast-featured-img":"","footer-sml-layout":"","theme-transparent-header-meta":"default","adv-header-id-meta":"","stick-header-meta":"","header-above-stick-meta":"","header-main-stick-meta":"","header-below-stick-meta":"","astra-migrate-meta-layouts":"set","ast-page-background-enabled":"default","ast-page-background-meta":{"desktop":{"background-color":"var(--ast-global-color-4)","background-image":"","background-repeat":"repeat","background-position":"center center","background-size":"auto","background-attachment":"scroll","background-type":"","background-media":"","overlay-type":"","overlay-color":"","overlay-opacity":"","overlay-gradient":""},"tablet":{"background-color":"","background-image":"","background-repeat":"repeat","background-position":"center center","background-size":"auto","background-attachment":"scroll","background-type":"","background-media":"","overlay-type":"","overlay-color":"","overlay-opacity":"","overlay-gradient":""},"mobile":{"background-color":"","background-image":"","background-repeat":"repeat","background-position":"center center","background-size":"auto","background-attachment":"scroll","background-type":"","background-media":"","overlay-type":"","overlay-color":"","overlay-opacity":"","overlay-gradient":""}},"ast-content-background-meta":{"desktop":{"background-color":"var(--ast-global-color-5)","background-image":"","background-repeat":"repeat","background-position":"center center","background-size":"auto","background-attachment":"scroll","background-type":"","background-media":"","overlay-type":"","overlay-color":"","overlay-opacity":"","overlay-gradient":""},"tablet":{"background-color":"var(--ast-global-color-5)","background-image":"","background-repeat":"repeat","background-position":"center center","background-size":"auto","background-attachment":"scroll","background-type":"","background-media":"","overlay-type":"","overlay-color":"","overlay-opacity":"","overlay-gradient":""},"mobile":{"background-color":"var(--ast-global-color-5)","background-image":"","background-repeat":"repeat","background-position":"center center","background-size":"auto","background-attachment":"scroll","background-type":"","background-media":"","overlay-type":"","overlay-color":"","overlay-opacity":"","overlay-gradient":""}}},"product_brand":[],"product_cat":[77],"product_tag":[],"class_list":{"0":"post-4895","1":"product","2":"type-product","3":"status-publish","4":"has-post-thumbnail","6":"product_cat-online","7":"desktop-align-left","8":"tablet-align-left","9":"mobile-align-left","11":"first","12":"instock","13":"shipping-taxable","14":"purchasable","15":"product-type-simple"},"_links":{"self":[{"href":"https:\/\/katarinaramljak.com\/en\/wp-json\/wp\/v2\/product\/4895","targetHints":{"allow":["GET"]}}],"collection":[{"href":"https:\/\/katarinaramljak.com\/en\/wp-json\/wp\/v2\/product"}],"about":[{"href":"https:\/\/katarinaramljak.com\/en\/wp-json\/wp\/v2\/types\/product"}],"wp:featuredmedia":[{"embeddable":true,"href":"https:\/\/katarinaramljak.com\/en\/wp-json\/wp\/v2\/media\/4898"}],"wp:attachment":[{"href":"https:\/\/katarinaramljak.com\/en\/wp-json\/wp\/v2\/media?parent=4895"}],"wp:term":[{"taxonomy":"product_brand","embeddable":true,"href":"https:\/\/katarinaramljak.com\/en\/wp-json\/wp\/v2\/product_brand?post=4895"},{"taxonomy":"product_cat","embeddable":true,"href":"https:\/\/katarinaramljak.com\/en\/wp-json\/wp\/v2\/product_cat?post=4895"},{"taxonomy":"product_tag","embeddable":true,"href":"https:\/\/katarinaramljak.com\/en\/wp-json\/wp\/v2\/product_tag?post=4895"}],"curies":[{"name":"wp","href":"https:\/\/api.w.org\/{rel}","templated":true}]}}