{"id":4904,"date":"2025-04-27T17:30:14","date_gmt":"2025-04-27T17:30:14","guid":{"rendered":"https:\/\/katarinaramljak.com\/?post_type=product&#038;p=4904"},"modified":"2025-04-27T17:42:38","modified_gmt":"2025-04-27T17:42:38","slug":"simfonija-mogucnosti-grupni-taster-29-4-5-5","status":"publish","type":"product","link":"https:\/\/katarinaramljak.com\/en\/product\/simfonija-mogucnosti-grupni-taster-29-4-5-5\/","title":{"rendered":"Simfonija mogu\u0107nosti grupni taster 29.4 &#8211; 5.5."},"content":{"rendered":"<p>Zaronite u energetsku kupku koja otvara, otapa, \u0161iri, mijenja. Neopisiva je i \u010darobna. Zove se Simfonija mogu\u0107nosti.<\/p>\n<p>Pozivam vas na 7 dana grupnog tastera Simfonije mogu\u0107nosti, svaki dan online 15 &#8211; 20 minuta a nakon toga \u0107ete dobiti i snimku.<\/p>\n<p>\u0160to zna\u010di trupni taster? Simfoniju mogu\u0107nosti mo\u017eete iskusiti na tretmanu u\u017eivo ili online 1 na 1 tijekom kojeg radim na energijama onoga \u0161to biste vi voljeli dobiti od tretmana i taj tretman traje oko 45 minuta. Na grupnom tasteru radim na svim va\u0161im energijama koje se pojave taj dan, i traje 15-tak minuta. Obje opcije su predivne i mo\u0107ne. Ba\u0161 kao i vi. Jeste li spremni to otkriti, istra\u017eiti i jo\u0161 vi\u0161e biti?<\/p>","protected":false},"excerpt":{"rendered":"<p>Pozivam vas na 7 dana grupnog tastera Simfonije mogu\u0107nosti.<\/p>","protected":false},"featured_media":4907,"template":"","meta":{"_seopress_robots_primary_cat":"none","_seopress_titles_title":"","_seopress_titles_desc":"","_seopress_robots_index":"","site-sidebar-layout":"default","site-content-layout":"","ast-site-content-layout":"default","site-content-style":"default","site-sidebar-style":"default","ast-global-header-display":"","ast-banner-title-visibility":"","ast-main-header-display":"","ast-hfb-above-header-display":"","ast-hfb-below-header-display":"","ast-hfb-mobile-header-display":"","site-post-title":"","ast-breadcrumbs-content":"","ast-featured-img":"","footer-sml-layout":"","theme-transparent-header-meta":"default","adv-header-id-meta":"","stick-header-meta":"","header-above-stick-meta":"","header-main-stick-meta":"","header-below-stick-meta":"","astra-migrate-meta-layouts":"set","ast-page-background-enabled":"default","ast-page-background-meta":{"desktop":{"background-color":"var(--ast-global-color-4)","background-image":"","background-repeat":"repeat","background-position":"center center","background-size":"auto","background-attachment":"scroll","background-type":"","background-media":"","overlay-type":"","overlay-color":"","overlay-opacity":"","overlay-gradient":""},"tablet":{"background-color":"","background-image":"","background-repeat":"repeat","background-position":"center center","background-size":"auto","background-attachment":"scroll","background-type":"","background-media":"","overlay-type":"","overlay-color":"","overlay-opacity":"","overlay-gradient":""},"mobile":{"background-color":"","background-image":"","background-repeat":"repeat","background-position":"center center","background-size":"auto","background-attachment":"scroll","background-type":"","background-media":"","overlay-type":"","overlay-color":"","overlay-opacity":"","overlay-gradient":""}},"ast-content-background-meta":{"desktop":{"background-color":"var(--ast-global-color-5)","background-image":"","background-repeat":"repeat","background-position":"center center","background-size":"auto","background-attachment":"scroll","background-type":"","background-media":"","overlay-type":"","overlay-color":"","overlay-opacity":"","overlay-gradient":""},"tablet":{"background-color":"var(--ast-global-color-5)","background-image":"","background-repeat":"repeat","background-position":"center center","background-size":"auto","background-attachment":"scroll","background-type":"","background-media":"","overlay-type":"","overlay-color":"","overlay-opacity":"","overlay-gradient":""},"mobile":{"background-color":"var(--ast-global-color-5)","background-image":"","background-repeat":"repeat","background-position":"center center","background-size":"auto","background-attachment":"scroll","background-type":"","background-media":"","overlay-type":"","overlay-color":"","overlay-opacity":"","overlay-gradient":""}}},"product_brand":[],"product_cat":[77],"product_tag":[],"class_list":{"0":"post-4904","1":"product","2":"type-product","3":"status-publish","4":"has-post-thumbnail","6":"product_cat-online","7":"desktop-align-left","8":"tablet-align-left","9":"mobile-align-left","11":"first","12":"instock","13":"shipping-taxable","14":"purchasable","15":"product-type-simple"},"_links":{"self":[{"href":"https:\/\/katarinaramljak.com\/en\/wp-json\/wp\/v2\/product\/4904","targetHints":{"allow":["GET"]}}],"collection":[{"href":"https:\/\/katarinaramljak.com\/en\/wp-json\/wp\/v2\/product"}],"about":[{"href":"https:\/\/katarinaramljak.com\/en\/wp-json\/wp\/v2\/types\/product"}],"wp:featuredmedia":[{"embeddable":true,"href":"https:\/\/katarinaramljak.com\/en\/wp-json\/wp\/v2\/media\/4907"}],"wp:attachment":[{"href":"https:\/\/katarinaramljak.com\/en\/wp-json\/wp\/v2\/media?parent=4904"}],"wp:term":[{"taxonomy":"product_brand","embeddable":true,"href":"https:\/\/katarinaramljak.com\/en\/wp-json\/wp\/v2\/product_brand?post=4904"},{"taxonomy":"product_cat","embeddable":true,"href":"https:\/\/katarinaramljak.com\/en\/wp-json\/wp\/v2\/product_cat?post=4904"},{"taxonomy":"product_tag","embeddable":true,"href":"https:\/\/katarinaramljak.com\/en\/wp-json\/wp\/v2\/product_tag?post=4904"}],"curies":[{"name":"wp","href":"https:\/\/api.w.org\/{rel}","templated":true}]}}