{"id":4939,"date":"2025-06-13T19:43:22","date_gmt":"2025-06-13T19:43:22","guid":{"rendered":"https:\/\/katarinaramljak.com\/?post_type=product&#038;p=4939"},"modified":"2025-06-13T19:43:39","modified_gmt":"2025-06-13T19:43:39","slug":"vise-lakoce-molim","status":"publish","type":"product","link":"https:\/\/katarinaramljak.com\/en\/product\/vise-lakoce-molim\/","title":{"rendered":"Vi\u0161e lako\u0107e molim"},"content":{"rendered":"<p>Ta rije\u010d lako\u0107a mi je od samog po\u010detka kori\u0161tenja Access alata zapela za oko, uho, srce i du\u0161u. Da ja \u017eelim vi\u0161e lako\u0107e sa svime \u0161to jesam i svime \u0161to radim.<br \/>\n\u017delite li i vi?<\/p>\n<p>Bez obzira jeste li ve\u0107 bili na Bars te\u010daju ili na Temeljnom ili jo\u0161 niste, dobro ste do\u0161li u moju novu kreaciju!<\/p>\n<p>4 online susreta u kojima \u0107emo svaki put istra\u017eiti drugi alat koji nas vodi do lako\u0107e, i klirati sva uvjerenja, definicije, prosudbe koje nam se na\u0111u na putu.<\/p>\n<p>Izme\u0111u susreta imate doma\u0107u zabavu &#8211; koristiti alate kako bi postali dio va\u0161eg \u017eivota a da uop\u0107e ne trebate razmi\u0161ljati o tome, i primijetit \u0107ete da funkcioniraju!<\/p>\n<p>\u0160to ako imamo mo\u0107 promijeniti energiju bilo \u010dega i svega u trenutku?<\/p>\n<ul>\n<li>4 online susreta<\/li>\n<li>17, 19, 22 i 26.6. u 21h<\/li>\n<li>Trajanje pola sata<\/li>\n<li>Dobit \u0107ete i snimke kako bi mogli slu\u0161ati i dalje.<\/li>\n<\/ul>","protected":false},"excerpt":{"rendered":"<p>Ta rije\u010d lako\u0107a mi je od samog po\u010detka kori\u0161tenja Access alata zapela za oko, uho, srce i du\u0161u. Da ja \u017eelim vi\u0161e lako\u0107e sa svime \u0161to jesam i svime \u0161to radim. \u017delite li i vi? Bez obzira jeste li ve\u0107 bili na Bars te\u010daju ili na Temeljnom ili jo\u0161 niste, dobro ste do\u0161li u moju [&hellip;]<\/p>","protected":false},"featured_media":4937,"template":"","meta":{"_seopress_robots_primary_cat":"none","_seopress_titles_title":"","_seopress_titles_desc":"","_seopress_robots_index":"","site-sidebar-layout":"default","site-content-layout":"","ast-site-content-layout":"default","site-content-style":"default","site-sidebar-style":"default","ast-global-header-display":"","ast-banner-title-visibility":"","ast-main-header-display":"","ast-hfb-above-header-display":"","ast-hfb-below-header-display":"","ast-hfb-mobile-header-display":"","site-post-title":"","ast-breadcrumbs-content":"","ast-featured-img":"","footer-sml-layout":"","theme-transparent-header-meta":"default","adv-header-id-meta":"","stick-header-meta":"","header-above-stick-meta":"","header-main-stick-meta":"","header-below-stick-meta":"","astra-migrate-meta-layouts":"set","ast-page-background-enabled":"default","ast-page-background-meta":{"desktop":{"background-color":"var(--ast-global-color-4)","background-image":"","background-repeat":"repeat","background-position":"center center","background-size":"auto","background-attachment":"scroll","background-type":"","background-media":"","overlay-type":"","overlay-color":"","overlay-opacity":"","overlay-gradient":""},"tablet":{"background-color":"","background-image":"","background-repeat":"repeat","background-position":"center center","background-size":"auto","background-attachment":"scroll","background-type":"","background-media":"","overlay-type":"","overlay-color":"","overlay-opacity":"","overlay-gradient":""},"mobile":{"background-color":"","background-image":"","background-repeat":"repeat","background-position":"center center","background-size":"auto","background-attachment":"scroll","background-type":"","background-media":"","overlay-type":"","overlay-color":"","overlay-opacity":"","overlay-gradient":""}},"ast-content-background-meta":{"desktop":{"background-color":"var(--ast-global-color-5)","background-image":"","background-repeat":"repeat","background-position":"center center","background-size":"auto","background-attachment":"scroll","background-type":"","background-media":"","overlay-type":"","overlay-color":"","overlay-opacity":"","overlay-gradient":""},"tablet":{"background-color":"var(--ast-global-color-5)","background-image":"","background-repeat":"repeat","background-position":"center center","background-size":"auto","background-attachment":"scroll","background-type":"","background-media":"","overlay-type":"","overlay-color":"","overlay-opacity":"","overlay-gradient":""},"mobile":{"background-color":"var(--ast-global-color-5)","background-image":"","background-repeat":"repeat","background-position":"center center","background-size":"auto","background-attachment":"scroll","background-type":"","background-media":"","overlay-type":"","overlay-color":"","overlay-opacity":"","overlay-gradient":""}}},"product_brand":[],"product_cat":[77],"product_tag":[],"class_list":{"0":"post-4939","1":"product","2":"type-product","3":"status-publish","4":"has-post-thumbnail","6":"product_cat-online","7":"desktop-align-left","8":"tablet-align-left","9":"mobile-align-left","11":"first","12":"instock","13":"shipping-taxable","14":"purchasable","15":"product-type-simple"},"_links":{"self":[{"href":"https:\/\/katarinaramljak.com\/en\/wp-json\/wp\/v2\/product\/4939","targetHints":{"allow":["GET"]}}],"collection":[{"href":"https:\/\/katarinaramljak.com\/en\/wp-json\/wp\/v2\/product"}],"about":[{"href":"https:\/\/katarinaramljak.com\/en\/wp-json\/wp\/v2\/types\/product"}],"wp:featuredmedia":[{"embeddable":true,"href":"https:\/\/katarinaramljak.com\/en\/wp-json\/wp\/v2\/media\/4937"}],"wp:attachment":[{"href":"https:\/\/katarinaramljak.com\/en\/wp-json\/wp\/v2\/media?parent=4939"}],"wp:term":[{"taxonomy":"product_brand","embeddable":true,"href":"https:\/\/katarinaramljak.com\/en\/wp-json\/wp\/v2\/product_brand?post=4939"},{"taxonomy":"product_cat","embeddable":true,"href":"https:\/\/katarinaramljak.com\/en\/wp-json\/wp\/v2\/product_cat?post=4939"},{"taxonomy":"product_tag","embeddable":true,"href":"https:\/\/katarinaramljak.com\/en\/wp-json\/wp\/v2\/product_tag?post=4939"}],"curies":[{"name":"wp","href":"https:\/\/api.w.org\/{rel}","templated":true}]}}