{"id":4965,"date":"2025-08-28T14:58:03","date_gmt":"2025-08-28T14:58:03","guid":{"rendered":"https:\/\/katarinaramljak.com\/?post_type=product&#038;p=4965"},"modified":"2025-08-28T15:18:11","modified_gmt":"2025-08-28T15:18:11","slug":"7-dana-simfonije-mogucnosti-grupni-taster","status":"publish","type":"product","link":"https:\/\/katarinaramljak.com\/en\/product\/7-dana-simfonije-mogucnosti-grupni-taster\/","title":{"rendered":"7 dana Simfonije mogu\u0107nosti &#8211; grupni taster"},"content":{"rendered":"<p>\u0160to je primanje? Jeste li voljni primati sve bez prosudbe i razmatranja?<\/p>\n<p>Ako biste voljeli istra\u017eiti kako bi to bilo za vas i va\u0161e tijelo, a usput i za protok novca jer ne bi vjerovali financije i primanje idu ruku pod ruku, pridru\u017eite mi se na 7 dana Simfonije mogu\u0107nosti.<\/p>\n<p>31.8. &#8211; 6.9. u 21h (osim 6.9.kada \u0107e biti u 18h)<\/p>\n<p>Odr\u017eava se online preko Zooma, dobit \u0107ete i snimku kako bi mogli slu\u0161ati i naknadno.<\/p>\n<p>Veselim vam se!<\/p>\n<p>Katarina<\/p>","protected":false},"excerpt":{"rendered":"<p>\u0160to je primanje? Jeste li voljni primati sve bez prosudbe i razmatranja? Ako biste voljeli istra\u017eiti kako bi to bilo za vas i va\u0161e tijelo, a usput i za protok novca jer ne bi vjerovali financije i primanje idu ruku pod ruku, pridru\u017eite mi se na 7 dana Simfonije mogu\u0107nosti. 31.8. &#8211; 6.9. u 21h [&hellip;]<\/p>","protected":false},"featured_media":4969,"template":"","meta":{"_seopress_robots_primary_cat":"none","_seopress_titles_title":"","_seopress_titles_desc":"","_seopress_robots_index":"","site-sidebar-layout":"default","site-content-layout":"","ast-site-content-layout":"default","site-content-style":"default","site-sidebar-style":"default","ast-global-header-display":"","ast-banner-title-visibility":"","ast-main-header-display":"","ast-hfb-above-header-display":"","ast-hfb-below-header-display":"","ast-hfb-mobile-header-display":"","site-post-title":"","ast-breadcrumbs-content":"","ast-featured-img":"","footer-sml-layout":"","theme-transparent-header-meta":"default","adv-header-id-meta":"","stick-header-meta":"","header-above-stick-meta":"","header-main-stick-meta":"","header-below-stick-meta":"","astra-migrate-meta-layouts":"set","ast-page-background-enabled":"default","ast-page-background-meta":{"desktop":{"background-color":"var(--ast-global-color-4)","background-image":"","background-repeat":"repeat","background-position":"center center","background-size":"auto","background-attachment":"scroll","background-type":"","background-media":"","overlay-type":"","overlay-color":"","overlay-opacity":"","overlay-gradient":""},"tablet":{"background-color":"","background-image":"","background-repeat":"repeat","background-position":"center center","background-size":"auto","background-attachment":"scroll","background-type":"","background-media":"","overlay-type":"","overlay-color":"","overlay-opacity":"","overlay-gradient":""},"mobile":{"background-color":"","background-image":"","background-repeat":"repeat","background-position":"center center","background-size":"auto","background-attachment":"scroll","background-type":"","background-media":"","overlay-type":"","overlay-color":"","overlay-opacity":"","overlay-gradient":""}},"ast-content-background-meta":{"desktop":{"background-color":"var(--ast-global-color-5)","background-image":"","background-repeat":"repeat","background-position":"center center","background-size":"auto","background-attachment":"scroll","background-type":"","background-media":"","overlay-type":"","overlay-color":"","overlay-opacity":"","overlay-gradient":""},"tablet":{"background-color":"var(--ast-global-color-5)","background-image":"","background-repeat":"repeat","background-position":"center center","background-size":"auto","background-attachment":"scroll","background-type":"","background-media":"","overlay-type":"","overlay-color":"","overlay-opacity":"","overlay-gradient":""},"mobile":{"background-color":"var(--ast-global-color-5)","background-image":"","background-repeat":"repeat","background-position":"center center","background-size":"auto","background-attachment":"scroll","background-type":"","background-media":"","overlay-type":"","overlay-color":"","overlay-opacity":"","overlay-gradient":""}}},"product_brand":[],"product_cat":[77],"product_tag":[],"class_list":{"0":"post-4965","1":"product","2":"type-product","3":"status-publish","4":"has-post-thumbnail","6":"product_cat-online","7":"desktop-align-left","8":"tablet-align-left","9":"mobile-align-left","11":"first","12":"instock","13":"shipping-taxable","14":"purchasable","15":"product-type-simple"},"_links":{"self":[{"href":"https:\/\/katarinaramljak.com\/en\/wp-json\/wp\/v2\/product\/4965","targetHints":{"allow":["GET"]}}],"collection":[{"href":"https:\/\/katarinaramljak.com\/en\/wp-json\/wp\/v2\/product"}],"about":[{"href":"https:\/\/katarinaramljak.com\/en\/wp-json\/wp\/v2\/types\/product"}],"wp:featuredmedia":[{"embeddable":true,"href":"https:\/\/katarinaramljak.com\/en\/wp-json\/wp\/v2\/media\/4969"}],"wp:attachment":[{"href":"https:\/\/katarinaramljak.com\/en\/wp-json\/wp\/v2\/media?parent=4965"}],"wp:term":[{"taxonomy":"product_brand","embeddable":true,"href":"https:\/\/katarinaramljak.com\/en\/wp-json\/wp\/v2\/product_brand?post=4965"},{"taxonomy":"product_cat","embeddable":true,"href":"https:\/\/katarinaramljak.com\/en\/wp-json\/wp\/v2\/product_cat?post=4965"},{"taxonomy":"product_tag","embeddable":true,"href":"https:\/\/katarinaramljak.com\/en\/wp-json\/wp\/v2\/product_tag?post=4965"}],"curies":[{"name":"wp","href":"https:\/\/api.w.org\/{rel}","templated":true}]}}