{"id":5009,"date":"2025-10-29T18:26:57","date_gmt":"2025-10-29T18:26:57","guid":{"rendered":"https:\/\/katarinaramljak.com\/?post_type=product&#038;p=5009"},"modified":"2025-10-29T18:26:57","modified_gmt":"2025-10-29T18:26:57","slug":"muskarci","status":"publish","type":"product","link":"https:\/\/katarinaramljak.com\/en\/product\/muskarci\/","title":{"rendered":"Mu\u0161karci"},"content":{"rendered":"<p>Koliko gledi\u0161ta imate o mu\u0161karcima? Uuuuiiii. Koliko gledi\u0161ta imate o bivanju \u017eenom? Aiiiii. Ovo ne\u0107e biti poziv samo za \u017eene, i mu\u0161karci su dobro do\u0161li. Ono \u0161to \u0107emo raditi je micati mjesta gdje imamo prosudbe, zaklju\u010dke, odbijanje, opsesije, projekcije\u2026 i ostale \u201edivne\u201c stvari koje nam ne dopu\u0161taju da imamo radost utjelovljenja koji smo izabrali u ovom \u017eivotu, i koje nam ne dopu\u0161taju da imamo zajedni\u0161tvo, zabavu i lako\u0107u sa \u201esuprotnim\u201c spolom. Ili ako ni\u0161ta drugo mir.\u00a0 Jeste za? Avantura kre\u0107e u nedjelju 2.11. u 20h.<\/p>\n<p>Trajanje sat vremena, preko Zooma. Nakon toga dobijete i snimku na trajno kori\u0161tenje.<\/p>","protected":false},"excerpt":{"rendered":"<p>Koliko gledi\u0161ta imate o mu\u0161karcima? Uuuuiiii. Koliko gledi\u0161ta imate o bivanju \u017eenom? Aiiiii. Ovo ne\u0107e biti poziv samo za \u017eene, i mu\u0161karci su dobro do\u0161li. Ono \u0161to \u0107emo raditi je micati mjesta gdje imamo prosudbe, zaklju\u010dke, odbijanje, opsesije, projekcije\u2026 i ostale \u201edivne\u201c stvari koje nam ne dopu\u0161taju da imamo radost utjelovljenja koji smo izabrali u [&hellip;]<\/p>","protected":false},"featured_media":5012,"template":"","meta":{"_seopress_robots_primary_cat":"","_seopress_titles_title":"","_seopress_titles_desc":"","_seopress_robots_index":"","site-sidebar-layout":"default","site-content-layout":"","ast-site-content-layout":"default","site-content-style":"default","site-sidebar-style":"default","ast-global-header-display":"","ast-banner-title-visibility":"","ast-main-header-display":"","ast-hfb-above-header-display":"","ast-hfb-below-header-display":"","ast-hfb-mobile-header-display":"","site-post-title":"","ast-breadcrumbs-content":"","ast-featured-img":"","footer-sml-layout":"","theme-transparent-header-meta":"default","adv-header-id-meta":"","stick-header-meta":"","header-above-stick-meta":"","header-main-stick-meta":"","header-below-stick-meta":"","astra-migrate-meta-layouts":"set","ast-page-background-enabled":"default","ast-page-background-meta":{"desktop":{"background-color":"var(--ast-global-color-4)","background-image":"","background-repeat":"repeat","background-position":"center center","background-size":"auto","background-attachment":"scroll","background-type":"","background-media":"","overlay-type":"","overlay-color":"","overlay-opacity":"","overlay-gradient":""},"tablet":{"background-color":"","background-image":"","background-repeat":"repeat","background-position":"center center","background-size":"auto","background-attachment":"scroll","background-type":"","background-media":"","overlay-type":"","overlay-color":"","overlay-opacity":"","overlay-gradient":""},"mobile":{"background-color":"","background-image":"","background-repeat":"repeat","background-position":"center center","background-size":"auto","background-attachment":"scroll","background-type":"","background-media":"","overlay-type":"","overlay-color":"","overlay-opacity":"","overlay-gradient":""}},"ast-content-background-meta":{"desktop":{"background-color":"var(--ast-global-color-5)","background-image":"","background-repeat":"repeat","background-position":"center center","background-size":"auto","background-attachment":"scroll","background-type":"","background-media":"","overlay-type":"","overlay-color":"","overlay-opacity":"","overlay-gradient":""},"tablet":{"background-color":"var(--ast-global-color-5)","background-image":"","background-repeat":"repeat","background-position":"center center","background-size":"auto","background-attachment":"scroll","background-type":"","background-media":"","overlay-type":"","overlay-color":"","overlay-opacity":"","overlay-gradient":""},"mobile":{"background-color":"var(--ast-global-color-5)","background-image":"","background-repeat":"repeat","background-position":"center center","background-size":"auto","background-attachment":"scroll","background-type":"","background-media":"","overlay-type":"","overlay-color":"","overlay-opacity":"","overlay-gradient":""}}},"product_brand":[],"product_cat":[77],"product_tag":[],"class_list":{"0":"post-5009","1":"product","2":"type-product","3":"status-publish","4":"has-post-thumbnail","6":"product_cat-online","7":"desktop-align-left","8":"tablet-align-left","9":"mobile-align-left","11":"first","12":"instock","13":"shipping-taxable","14":"purchasable","15":"product-type-simple"},"_links":{"self":[{"href":"https:\/\/katarinaramljak.com\/en\/wp-json\/wp\/v2\/product\/5009","targetHints":{"allow":["GET"]}}],"collection":[{"href":"https:\/\/katarinaramljak.com\/en\/wp-json\/wp\/v2\/product"}],"about":[{"href":"https:\/\/katarinaramljak.com\/en\/wp-json\/wp\/v2\/types\/product"}],"wp:featuredmedia":[{"embeddable":true,"href":"https:\/\/katarinaramljak.com\/en\/wp-json\/wp\/v2\/media\/5012"}],"wp:attachment":[{"href":"https:\/\/katarinaramljak.com\/en\/wp-json\/wp\/v2\/media?parent=5009"}],"wp:term":[{"taxonomy":"product_brand","embeddable":true,"href":"https:\/\/katarinaramljak.com\/en\/wp-json\/wp\/v2\/product_brand?post=5009"},{"taxonomy":"product_cat","embeddable":true,"href":"https:\/\/katarinaramljak.com\/en\/wp-json\/wp\/v2\/product_cat?post=5009"},{"taxonomy":"product_tag","embeddable":true,"href":"https:\/\/katarinaramljak.com\/en\/wp-json\/wp\/v2\/product_tag?post=5009"}],"curies":[{"name":"wp","href":"https:\/\/api.w.org\/{rel}","templated":true}]}}