{"id":5024,"date":"2025-11-24T11:54:36","date_gmt":"2025-11-24T11:54:36","guid":{"rendered":"https:\/\/katarinaramljak.com\/?post_type=product&#038;p=5024"},"modified":"2025-11-24T11:56:54","modified_gmt":"2025-11-24T11:56:54","slug":"mamma-mia","status":"publish","type":"product","link":"https:\/\/katarinaramljak.com\/en\/product\/mamma-mia\/","title":{"rendered":"Mamma mia"},"content":{"rendered":"<p>Dobro do\u0161li na ve\u010der kliringa na kojoj \u0107emo koristiti alate Access Consciousness tehnike kako bi do\u0161li do onoga \u0161to je istina za vas. Tema ove ve\u010deri \u0107e biti majke, ne da bi ih u\u010dinili krivima i odgovornima za sve, ve\u0107 kako bi dobili svjesnost gdje ih kopiramo, spa\u0161avamo, borimo njihove bitke, \u017eivimo njihove zaklju\u010dke itd. Koliko slobode mo\u017eete imati ako izaberete biti vi? I koliko slobode to mo\u017ee donijeti za sve odnose u va\u0161em \u017eivotu, ne samo onaj s majkom?<\/p>\n<p>Jako se veselim ovoj temi, i promjeni koju mo\u017ee kreirati.<\/p>\n<p>Ve\u010der kliringa traje sat vremena od 20 do 21h, i nakon toga \u0107ete dobiti i snimku.<\/p>","protected":false},"excerpt":{"rendered":"<p>Dobro do\u0161li na ve\u010der kliringa na kojoj \u0107emo koristiti alate Access Consciousness tehnike kako bi do\u0161li do onoga \u0161to je istina za vas. Tema ove ve\u010deri \u0107e biti majke, ne da bi ih u\u010dinili krivima i odgovornima za sve, ve\u0107 kako bi dobili svjesnost gdje ih kopiramo, spa\u0161avamo, borimo njihove bitke, \u017eivimo njihove zaklju\u010dke itd. [&hellip;]<\/p>","protected":false},"featured_media":5027,"template":"","meta":{"_seopress_robots_primary_cat":"none","_seopress_titles_title":"","_seopress_titles_desc":"","_seopress_robots_index":"","site-sidebar-layout":"default","site-content-layout":"","ast-site-content-layout":"default","site-content-style":"default","site-sidebar-style":"default","ast-global-header-display":"","ast-banner-title-visibility":"","ast-main-header-display":"","ast-hfb-above-header-display":"","ast-hfb-below-header-display":"","ast-hfb-mobile-header-display":"","site-post-title":"","ast-breadcrumbs-content":"","ast-featured-img":"","footer-sml-layout":"","theme-transparent-header-meta":"default","adv-header-id-meta":"","stick-header-meta":"","header-above-stick-meta":"","header-main-stick-meta":"","header-below-stick-meta":"","astra-migrate-meta-layouts":"set","ast-page-background-enabled":"default","ast-page-background-meta":{"desktop":{"background-color":"var(--ast-global-color-4)","background-image":"","background-repeat":"repeat","background-position":"center center","background-size":"auto","background-attachment":"scroll","background-type":"","background-media":"","overlay-type":"","overlay-color":"","overlay-opacity":"","overlay-gradient":""},"tablet":{"background-color":"","background-image":"","background-repeat":"repeat","background-position":"center center","background-size":"auto","background-attachment":"scroll","background-type":"","background-media":"","overlay-type":"","overlay-color":"","overlay-opacity":"","overlay-gradient":""},"mobile":{"background-color":"","background-image":"","background-repeat":"repeat","background-position":"center center","background-size":"auto","background-attachment":"scroll","background-type":"","background-media":"","overlay-type":"","overlay-color":"","overlay-opacity":"","overlay-gradient":""}},"ast-content-background-meta":{"desktop":{"background-color":"var(--ast-global-color-5)","background-image":"","background-repeat":"repeat","background-position":"center center","background-size":"auto","background-attachment":"scroll","background-type":"","background-media":"","overlay-type":"","overlay-color":"","overlay-opacity":"","overlay-gradient":""},"tablet":{"background-color":"var(--ast-global-color-5)","background-image":"","background-repeat":"repeat","background-position":"center center","background-size":"auto","background-attachment":"scroll","background-type":"","background-media":"","overlay-type":"","overlay-color":"","overlay-opacity":"","overlay-gradient":""},"mobile":{"background-color":"var(--ast-global-color-5)","background-image":"","background-repeat":"repeat","background-position":"center center","background-size":"auto","background-attachment":"scroll","background-type":"","background-media":"","overlay-type":"","overlay-color":"","overlay-opacity":"","overlay-gradient":""}}},"product_brand":[],"product_cat":[77],"product_tag":[],"class_list":{"0":"post-5024","1":"product","2":"type-product","3":"status-publish","4":"has-post-thumbnail","6":"product_cat-online","7":"desktop-align-left","8":"tablet-align-left","9":"mobile-align-left","11":"first","12":"instock","13":"shipping-taxable","14":"purchasable","15":"product-type-simple"},"_links":{"self":[{"href":"https:\/\/katarinaramljak.com\/en\/wp-json\/wp\/v2\/product\/5024","targetHints":{"allow":["GET"]}}],"collection":[{"href":"https:\/\/katarinaramljak.com\/en\/wp-json\/wp\/v2\/product"}],"about":[{"href":"https:\/\/katarinaramljak.com\/en\/wp-json\/wp\/v2\/types\/product"}],"wp:featuredmedia":[{"embeddable":true,"href":"https:\/\/katarinaramljak.com\/en\/wp-json\/wp\/v2\/media\/5027"}],"wp:attachment":[{"href":"https:\/\/katarinaramljak.com\/en\/wp-json\/wp\/v2\/media?parent=5024"}],"wp:term":[{"taxonomy":"product_brand","embeddable":true,"href":"https:\/\/katarinaramljak.com\/en\/wp-json\/wp\/v2\/product_brand?post=5024"},{"taxonomy":"product_cat","embeddable":true,"href":"https:\/\/katarinaramljak.com\/en\/wp-json\/wp\/v2\/product_cat?post=5024"},{"taxonomy":"product_tag","embeddable":true,"href":"https:\/\/katarinaramljak.com\/en\/wp-json\/wp\/v2\/product_tag?post=5024"}],"curies":[{"name":"wp","href":"https:\/\/api.w.org\/{rel}","templated":true}]}}