{"id":5092,"date":"2026-01-01T20:30:47","date_gmt":"2026-01-01T20:30:47","guid":{"rendered":"https:\/\/katarinaramljak.com\/?post_type=product&#038;p=5092"},"modified":"2026-01-02T09:51:40","modified_gmt":"2026-01-02T09:51:40","slug":"simfonija-mogucnosti-za-novu-godinu","status":"publish","type":"product","link":"https:\/\/katarinaramljak.com\/en\/product\/simfonija-mogucnosti-za-novu-godinu\/","title":{"rendered":"Simfonija mogu\u0107nosti za novu godinu!"},"content":{"rendered":"<p>\u0160to je potrebno da budemo novi, i \u017eivimo neku novu realnost?<\/p>\n<p>Pozivam vas na 45 minuta Simfonije mogu\u0107nost koju \u0107e voditi pitanje: Koja energija, prostor, svijest i izbor ja i moje tijelo mo\u017eemo biti da svaki dan kreiram iz mogu\u0107nosti a ne iz pro\u0161losti?<\/p>\n<p>Every person has a \nunique capacity with receiving and gifting energies.\nA Symphony session allows you to start accessing what is right for you and your body, beyond \nwhat you\u2019ve bought as real in this reality. It begins to create the space for the awareness that \nwhatever reality you are currently living, it\u2019s not the only possible reality you can choose.<\/p>\n<p>The Symphony sessions are based on Access Consciousness tools and the energetic transformation work created by \nDr. Dain Heer. All Symphony practitioners are trained by Dr. Heer personally, in a series of classes all around \nthe world.\nWhat if every change you\u2019ve ever desired is a request for a different energy in your life?<br \/>\nSOP sessions can be done in person and online.<\/p>\n<p>4.1.2016. od 20 do 20:45<\/p>\n<p>Nakon prijave dobit \u0107e te poveznicu za spajanje preko Zooma, i nako poziva \u0107ete dobiti snimku na trajno kori\u0161tenje.<\/p>","protected":false},"excerpt":{"rendered":"<p>\u0160to je potrebno da budemo novi, i \u017eivimo neku novu realnost? Pozivam vas na 45 minuta Simfonije mogu\u0107nost koju \u0107e voditi pitanje: Koja energija, prostor, svijest i izbor ja i moje tijelo mo\u017eemo biti da svaki dan kreiram iz mogu\u0107nosti a ne iz pro\u0161losti? Svaka osoba ima jedinstven kapacitet s primanjem i darivanjem energija. Simfonija [&hellip;]<\/p>","protected":false},"featured_media":5099,"template":"","meta":{"_seopress_robots_primary_cat":"none","_seopress_titles_title":"","_seopress_titles_desc":"","_seopress_robots_index":"","site-sidebar-layout":"default","site-content-layout":"","ast-site-content-layout":"default","site-content-style":"default","site-sidebar-style":"default","ast-global-header-display":"","ast-banner-title-visibility":"","ast-main-header-display":"","ast-hfb-above-header-display":"","ast-hfb-below-header-display":"","ast-hfb-mobile-header-display":"","site-post-title":"","ast-breadcrumbs-content":"","ast-featured-img":"","footer-sml-layout":"","theme-transparent-header-meta":"default","adv-header-id-meta":"","stick-header-meta":"","header-above-stick-meta":"","header-main-stick-meta":"","header-below-stick-meta":"","astra-migrate-meta-layouts":"set","ast-page-background-enabled":"default","ast-page-background-meta":{"desktop":{"background-color":"var(--ast-global-color-4)","background-image":"","background-repeat":"repeat","background-position":"center center","background-size":"auto","background-attachment":"scroll","background-type":"","background-media":"","overlay-type":"","overlay-color":"","overlay-opacity":"","overlay-gradient":""},"tablet":{"background-color":"","background-image":"","background-repeat":"repeat","background-position":"center center","background-size":"auto","background-attachment":"scroll","background-type":"","background-media":"","overlay-type":"","overlay-color":"","overlay-opacity":"","overlay-gradient":""},"mobile":{"background-color":"","background-image":"","background-repeat":"repeat","background-position":"center center","background-size":"auto","background-attachment":"scroll","background-type":"","background-media":"","overlay-type":"","overlay-color":"","overlay-opacity":"","overlay-gradient":""}},"ast-content-background-meta":{"desktop":{"background-color":"var(--ast-global-color-5)","background-image":"","background-repeat":"repeat","background-position":"center center","background-size":"auto","background-attachment":"scroll","background-type":"","background-media":"","overlay-type":"","overlay-color":"","overlay-opacity":"","overlay-gradient":""},"tablet":{"background-color":"var(--ast-global-color-5)","background-image":"","background-repeat":"repeat","background-position":"center center","background-size":"auto","background-attachment":"scroll","background-type":"","background-media":"","overlay-type":"","overlay-color":"","overlay-opacity":"","overlay-gradient":""},"mobile":{"background-color":"var(--ast-global-color-5)","background-image":"","background-repeat":"repeat","background-position":"center center","background-size":"auto","background-attachment":"scroll","background-type":"","background-media":"","overlay-type":"","overlay-color":"","overlay-opacity":"","overlay-gradient":""}}},"product_brand":[],"product_cat":[77],"product_tag":[],"class_list":{"0":"post-5092","1":"product","2":"type-product","3":"status-publish","4":"has-post-thumbnail","6":"product_cat-online","7":"desktop-align-left","8":"tablet-align-left","9":"mobile-align-left","11":"first","12":"instock","13":"shipping-taxable","14":"purchasable","15":"product-type-simple"},"_links":{"self":[{"href":"https:\/\/katarinaramljak.com\/en\/wp-json\/wp\/v2\/product\/5092","targetHints":{"allow":["GET"]}}],"collection":[{"href":"https:\/\/katarinaramljak.com\/en\/wp-json\/wp\/v2\/product"}],"about":[{"href":"https:\/\/katarinaramljak.com\/en\/wp-json\/wp\/v2\/types\/product"}],"wp:featuredmedia":[{"embeddable":true,"href":"https:\/\/katarinaramljak.com\/en\/wp-json\/wp\/v2\/media\/5099"}],"wp:attachment":[{"href":"https:\/\/katarinaramljak.com\/en\/wp-json\/wp\/v2\/media?parent=5092"}],"wp:term":[{"taxonomy":"product_brand","embeddable":true,"href":"https:\/\/katarinaramljak.com\/en\/wp-json\/wp\/v2\/product_brand?post=5092"},{"taxonomy":"product_cat","embeddable":true,"href":"https:\/\/katarinaramljak.com\/en\/wp-json\/wp\/v2\/product_cat?post=5092"},{"taxonomy":"product_tag","embeddable":true,"href":"https:\/\/katarinaramljak.com\/en\/wp-json\/wp\/v2\/product_tag?post=5092"}],"curies":[{"name":"wp","href":"https:\/\/api.w.org\/{rel}","templated":true}]}}