{"id":5115,"date":"2026-01-11T21:11:31","date_gmt":"2026-01-11T21:11:31","guid":{"rendered":"https:\/\/katarinaramljak.com\/?post_type=product&#038;p=5115"},"modified":"2026-01-11T21:17:11","modified_gmt":"2026-01-11T21:17:11","slug":"povlacenje-energije-14-18-1","status":"publish","type":"product","link":"https:\/\/katarinaramljak.com\/en\/product\/povlacenje-energije-14-18-1\/","title":{"rendered":"Povla\u010denje energije 14 &#8211; 18.1."},"content":{"rendered":"<p>Povla\u010denje energije je jedan od genijalnih na\u010dina da koristimo energetske protoke kako bi pozvali u \u017eivot sve \u0161to \u017eelimo i \u0161to bi nam \u017eivot uistinu u\u010dinilo ljep\u0161im i ekspanzivnijim.<\/p>\n<p>Bilo da je to vi\u0161e lako\u0107e, vi\u0161e novaca, vi\u0161e prijatelja, ili vi\u0161e jasno\u0107e u vezi toga \u0161to \u017eelite, jeste li voljni pozvati to \u0161to \u017eelite i pustiti da u\u0111e u va\u0161 \u017eivot?<\/p>\n<p>Od 14 &#8211; 18.1. u 21h<\/p>","protected":false},"excerpt":{"rendered":"<p>Povla\u010denje energije je jedan od genijalnih na\u010dina da koristimo energetske protoke kako bi pozvali u \u017eivot sve \u0161to \u017eelimo i \u0161to bi nam \u017eivot uistinu u\u010dinilo ljep\u0161im i ekspanzivnijim. Bilo da je to vi\u0161e lako\u0107e, vi\u0161e novaca, vi\u0161e prijatelja, ili vi\u0161e jasno\u0107e u vezi toga \u0161to \u017eelite, jeste li voljni pozvati to \u0161to \u017eelite i [&hellip;]<\/p>","protected":false},"featured_media":5122,"template":"","meta":{"_seopress_robots_primary_cat":"none","_seopress_titles_title":"","_seopress_titles_desc":"","_seopress_robots_index":"","site-sidebar-layout":"default","site-content-layout":"","ast-site-content-layout":"default","site-content-style":"default","site-sidebar-style":"default","ast-global-header-display":"","ast-banner-title-visibility":"","ast-main-header-display":"","ast-hfb-above-header-display":"","ast-hfb-below-header-display":"","ast-hfb-mobile-header-display":"","site-post-title":"","ast-breadcrumbs-content":"","ast-featured-img":"","footer-sml-layout":"","theme-transparent-header-meta":"default","adv-header-id-meta":"","stick-header-meta":"","header-above-stick-meta":"","header-main-stick-meta":"","header-below-stick-meta":"","astra-migrate-meta-layouts":"set","ast-page-background-enabled":"default","ast-page-background-meta":{"desktop":{"background-color":"var(--ast-global-color-4)","background-image":"","background-repeat":"repeat","background-position":"center center","background-size":"auto","background-attachment":"scroll","background-type":"","background-media":"","overlay-type":"","overlay-color":"","overlay-opacity":"","overlay-gradient":""},"tablet":{"background-color":"","background-image":"","background-repeat":"repeat","background-position":"center center","background-size":"auto","background-attachment":"scroll","background-type":"","background-media":"","overlay-type":"","overlay-color":"","overlay-opacity":"","overlay-gradient":""},"mobile":{"background-color":"","background-image":"","background-repeat":"repeat","background-position":"center center","background-size":"auto","background-attachment":"scroll","background-type":"","background-media":"","overlay-type":"","overlay-color":"","overlay-opacity":"","overlay-gradient":""}},"ast-content-background-meta":{"desktop":{"background-color":"var(--ast-global-color-5)","background-image":"","background-repeat":"repeat","background-position":"center center","background-size":"auto","background-attachment":"scroll","background-type":"","background-media":"","overlay-type":"","overlay-color":"","overlay-opacity":"","overlay-gradient":""},"tablet":{"background-color":"var(--ast-global-color-5)","background-image":"","background-repeat":"repeat","background-position":"center center","background-size":"auto","background-attachment":"scroll","background-type":"","background-media":"","overlay-type":"","overlay-color":"","overlay-opacity":"","overlay-gradient":""},"mobile":{"background-color":"var(--ast-global-color-5)","background-image":"","background-repeat":"repeat","background-position":"center center","background-size":"auto","background-attachment":"scroll","background-type":"","background-media":"","overlay-type":"","overlay-color":"","overlay-opacity":"","overlay-gradient":""}}},"product_brand":[],"product_cat":[77],"product_tag":[],"class_list":{"0":"post-5115","1":"product","2":"type-product","3":"status-publish","4":"has-post-thumbnail","6":"product_cat-online","7":"desktop-align-left","8":"tablet-align-left","9":"mobile-align-left","11":"first","12":"instock","13":"shipping-taxable","14":"purchasable","15":"product-type-simple"},"_links":{"self":[{"href":"https:\/\/katarinaramljak.com\/en\/wp-json\/wp\/v2\/product\/5115","targetHints":{"allow":["GET"]}}],"collection":[{"href":"https:\/\/katarinaramljak.com\/en\/wp-json\/wp\/v2\/product"}],"about":[{"href":"https:\/\/katarinaramljak.com\/en\/wp-json\/wp\/v2\/types\/product"}],"wp:featuredmedia":[{"embeddable":true,"href":"https:\/\/katarinaramljak.com\/en\/wp-json\/wp\/v2\/media\/5122"}],"wp:attachment":[{"href":"https:\/\/katarinaramljak.com\/en\/wp-json\/wp\/v2\/media?parent=5115"}],"wp:term":[{"taxonomy":"product_brand","embeddable":true,"href":"https:\/\/katarinaramljak.com\/en\/wp-json\/wp\/v2\/product_brand?post=5115"},{"taxonomy":"product_cat","embeddable":true,"href":"https:\/\/katarinaramljak.com\/en\/wp-json\/wp\/v2\/product_cat?post=5115"},{"taxonomy":"product_tag","embeddable":true,"href":"https:\/\/katarinaramljak.com\/en\/wp-json\/wp\/v2\/product_tag?post=5115"}],"curies":[{"name":"wp","href":"https:\/\/api.w.org\/{rel}","templated":true}]}}