{"id":5175,"date":"2026-03-03T11:35:24","date_gmt":"2026-03-03T11:35:24","guid":{"rendered":"https:\/\/katarinaramljak.com\/?post_type=product&#038;p=5175"},"modified":"2026-03-05T10:10:50","modified_gmt":"2026-03-05T10:10:50","slug":"sve-sto-zelite","status":"publish","type":"product","link":"https:\/\/katarinaramljak.com\/en\/product\/sve-sto-zelite\/","title":{"rendered":"Ve\u010der jasno\u0107e &#8220;Sve \u0161to \u017eelite&#8221;"},"content":{"rendered":"<p>Ovih dana se \u010dini da se podiglo svo ludilo ovog svijeta, a moje pitanje je \u0161to mo\u017eemo promijeniti, \u0161to se podi\u017ee vama trenutno, \u0161to mogu facilitirati da nastane lako\u0107a tamo gdje je te\u017eina, nove mogu\u0107nosti tamo gdje vam se \u010dini da ste zapeli?<\/p>\n<p>Pozivam vas na Ve\u010der jasno\u0107e 5.3. od 20 do 21h. Uz pomo\u0107 alata Access Consciousness tehnike mijenjat \u0107emo mjesta gdje osje\u0107ate da ste zapeli ili da jednostavno mo\u017eete imati vi\u0161e lako\u0107e i jasno\u0107e ili vi\u0161e bilo \u010dega. Pa stoga za\u0161to ne imati sve \u0161to \u017eelite?!<\/p>","protected":false},"excerpt":{"rendered":"<p>Ovih dana se \u010dini da se podiglo svo ludilo ovog svijeta, a moje pitanje je \u0161to mo\u017eemo promijeniti, \u0161to se podi\u017ee vama trenutno, \u0161to mogu facilitirati da nastane lako\u0107a tamo gdje je te\u017eina, nove mogu\u0107nosti tamo gdje vam se \u010dini da ste zapeli? Pozivam vas na Ve\u010der jasno\u0107e 5.3. od 20 do 21h. Uz pomo\u0107 [&hellip;]<\/p>","protected":false},"featured_media":5179,"template":"","meta":{"_seopress_robots_primary_cat":"none","_seopress_titles_title":"","_seopress_titles_desc":"","_seopress_robots_index":"","site-sidebar-layout":"default","site-content-layout":"","ast-site-content-layout":"default","site-content-style":"default","site-sidebar-style":"default","ast-global-header-display":"","ast-banner-title-visibility":"","ast-main-header-display":"","ast-hfb-above-header-display":"","ast-hfb-below-header-display":"","ast-hfb-mobile-header-display":"","site-post-title":"","ast-breadcrumbs-content":"","ast-featured-img":"","footer-sml-layout":"","theme-transparent-header-meta":"default","adv-header-id-meta":"","stick-header-meta":"","header-above-stick-meta":"","header-main-stick-meta":"","header-below-stick-meta":"","astra-migrate-meta-layouts":"set","ast-page-background-enabled":"default","ast-page-background-meta":{"desktop":{"background-color":"var(--ast-global-color-4)","background-image":"","background-repeat":"repeat","background-position":"center center","background-size":"auto","background-attachment":"scroll","background-type":"","background-media":"","overlay-type":"","overlay-color":"","overlay-opacity":"","overlay-gradient":""},"tablet":{"background-color":"","background-image":"","background-repeat":"repeat","background-position":"center center","background-size":"auto","background-attachment":"scroll","background-type":"","background-media":"","overlay-type":"","overlay-color":"","overlay-opacity":"","overlay-gradient":""},"mobile":{"background-color":"","background-image":"","background-repeat":"repeat","background-position":"center center","background-size":"auto","background-attachment":"scroll","background-type":"","background-media":"","overlay-type":"","overlay-color":"","overlay-opacity":"","overlay-gradient":""}},"ast-content-background-meta":{"desktop":{"background-color":"var(--ast-global-color-5)","background-image":"","background-repeat":"repeat","background-position":"center center","background-size":"auto","background-attachment":"scroll","background-type":"","background-media":"","overlay-type":"","overlay-color":"","overlay-opacity":"","overlay-gradient":""},"tablet":{"background-color":"var(--ast-global-color-5)","background-image":"","background-repeat":"repeat","background-position":"center center","background-size":"auto","background-attachment":"scroll","background-type":"","background-media":"","overlay-type":"","overlay-color":"","overlay-opacity":"","overlay-gradient":""},"mobile":{"background-color":"var(--ast-global-color-5)","background-image":"","background-repeat":"repeat","background-position":"center center","background-size":"auto","background-attachment":"scroll","background-type":"","background-media":"","overlay-type":"","overlay-color":"","overlay-opacity":"","overlay-gradient":""}}},"product_brand":[],"product_cat":[77],"product_tag":[],"class_list":{"0":"post-5175","1":"product","2":"type-product","3":"status-publish","4":"has-post-thumbnail","6":"product_cat-online","7":"desktop-align-left","8":"tablet-align-left","9":"mobile-align-left","11":"first","12":"instock","13":"shipping-taxable","14":"purchasable","15":"product-type-simple"},"_links":{"self":[{"href":"https:\/\/katarinaramljak.com\/en\/wp-json\/wp\/v2\/product\/5175","targetHints":{"allow":["GET"]}}],"collection":[{"href":"https:\/\/katarinaramljak.com\/en\/wp-json\/wp\/v2\/product"}],"about":[{"href":"https:\/\/katarinaramljak.com\/en\/wp-json\/wp\/v2\/types\/product"}],"wp:featuredmedia":[{"embeddable":true,"href":"https:\/\/katarinaramljak.com\/en\/wp-json\/wp\/v2\/media\/5179"}],"wp:attachment":[{"href":"https:\/\/katarinaramljak.com\/en\/wp-json\/wp\/v2\/media?parent=5175"}],"wp:term":[{"taxonomy":"product_brand","embeddable":true,"href":"https:\/\/katarinaramljak.com\/en\/wp-json\/wp\/v2\/product_brand?post=5175"},{"taxonomy":"product_cat","embeddable":true,"href":"https:\/\/katarinaramljak.com\/en\/wp-json\/wp\/v2\/product_cat?post=5175"},{"taxonomy":"product_tag","embeddable":true,"href":"https:\/\/katarinaramljak.com\/en\/wp-json\/wp\/v2\/product_tag?post=5175"}],"curies":[{"name":"wp","href":"https:\/\/api.w.org\/{rel}","templated":true}]}}