{"id":5198,"date":"2026-03-31T09:42:19","date_gmt":"2026-03-31T09:42:19","guid":{"rendered":"https:\/\/katarinaramljak.com\/?post_type=product&#038;p=5198"},"modified":"2026-03-31T10:46:16","modified_gmt":"2026-03-31T10:46:16","slug":"proljetni-grupni-sop","status":"publish","type":"product","link":"https:\/\/katarinaramljak.com\/en\/product\/proljetni-grupni-sop\/","title":{"rendered":"Proljetni grupni SOP"},"content":{"rendered":"<p>Pozivam vas na seriju od pet grupnih kra\u0107ih sesija Simfonije mogu\u0107nosti u kojima \u0107emo svaki dan energetski isra\u017eivati i otvarati nove energetske mogu\u0107nosti. Ovo zvu\u010di kao da \u0107ete ne\u0161to morati raditi, ali zapravo \u0107ete samo trebati primati. A to nam je ponekad najte\u017ee.<\/p>\n<p>\u0160to sve mo\u017eete primiti danas \u0161to niste bili voljni primiti do sada?<\/p>\n<p>\u0160to ako 20minuta dnevno mo\u017ee promijeniti va\u0161u realnost?<\/p>\n<p>Ako niste upoznati sa Simfonijom mogu\u0107nosti (SOP) to je energetski rad koji je razvio suosniva\u010d Access Consciousnessa dr. Dain Heer koji i vi mo\u017eete nau\u010diti na te\u010dajevima koje on dr\u017ei diljem svijeta. Simfoniju mogu\u0107nosti mo\u017eete iskusiti i 1 na 1 u trajanju od 45 minuta, u\u017eivo ili online gdje vi tra\u017eite ono \u0161to biste htjeli dobiti od sesije. U ovoj seriji grupnih online kra\u0107ih sesija \u0107emo svaki dan istra\u017eivati drugu temu kako bismo vidjeli \u0161to je jo\u0161 mogu\u0107e.<\/p>\n<div>\n<div>\n<div>\n<p>2.4.bu\u0111enje tijela<\/p>\n<\/div>\n<div>\n<p>3.4.bu\u0111enje financija<\/p>\n<\/div>\n<div>\n<p>4.4.kreiranje budu\u0107nosti<\/p>\n<\/div>\n<div>\n<p>5.4.pu\u0161tanje starog<\/p>\n<\/div>\n<div>\n<p>6.4.free flow istra\u017eivanje<\/p>\n<\/div>\n<\/div>\n<\/div>\n<p>Kada se prijavite dobit \u0107ete poveznicu za Zoom i za snimke koje \u0107ete dobiti na trajno kori\u0161tenje.<\/p>\n<p>2 &#8211; 6.4.2026. u 21h<\/p>\n<p>Veselim vam se!<\/p>","protected":false},"excerpt":{"rendered":"<p>Pozivam vas na seriju od pet grupnih kra\u0107ih sesija Simfonije mogu\u0107nosti u kojima \u0107emo svaki dan energetski isra\u017eivati i otvarati nove energetske mogu\u0107nosti. Ovo zvu\u010di kao da \u0107ete ne\u0161to morati raditi, ali zapravo \u0107ete samo trebati primati. A to nam je ponekad najte\u017ee. \u0160to sve mo\u017eete primiti danas \u0161to niste bili voljni primiti do sada? [&hellip;]<\/p>","protected":false},"featured_media":5202,"template":"","meta":{"_seopress_robots_primary_cat":"none","_seopress_titles_title":"","_seopress_titles_desc":"","_seopress_robots_index":"","site-sidebar-layout":"default","site-content-layout":"","ast-site-content-layout":"default","site-content-style":"default","site-sidebar-style":"default","ast-global-header-display":"","ast-banner-title-visibility":"","ast-main-header-display":"","ast-hfb-above-header-display":"","ast-hfb-below-header-display":"","ast-hfb-mobile-header-display":"","site-post-title":"","ast-breadcrumbs-content":"","ast-featured-img":"","footer-sml-layout":"","theme-transparent-header-meta":"default","adv-header-id-meta":"","stick-header-meta":"","header-above-stick-meta":"","header-main-stick-meta":"","header-below-stick-meta":"","astra-migrate-meta-layouts":"set","ast-page-background-enabled":"default","ast-page-background-meta":{"desktop":{"background-color":"var(--ast-global-color-4)","background-image":"","background-repeat":"repeat","background-position":"center center","background-size":"auto","background-attachment":"scroll","background-type":"","background-media":"","overlay-type":"","overlay-color":"","overlay-opacity":"","overlay-gradient":""},"tablet":{"background-color":"","background-image":"","background-repeat":"repeat","background-position":"center center","background-size":"auto","background-attachment":"scroll","background-type":"","background-media":"","overlay-type":"","overlay-color":"","overlay-opacity":"","overlay-gradient":""},"mobile":{"background-color":"","background-image":"","background-repeat":"repeat","background-position":"center center","background-size":"auto","background-attachment":"scroll","background-type":"","background-media":"","overlay-type":"","overlay-color":"","overlay-opacity":"","overlay-gradient":""}},"ast-content-background-meta":{"desktop":{"background-color":"var(--ast-global-color-5)","background-image":"","background-repeat":"repeat","background-position":"center center","background-size":"auto","background-attachment":"scroll","background-type":"","background-media":"","overlay-type":"","overlay-color":"","overlay-opacity":"","overlay-gradient":""},"tablet":{"background-color":"var(--ast-global-color-5)","background-image":"","background-repeat":"repeat","background-position":"center center","background-size":"auto","background-attachment":"scroll","background-type":"","background-media":"","overlay-type":"","overlay-color":"","overlay-opacity":"","overlay-gradient":""},"mobile":{"background-color":"var(--ast-global-color-5)","background-image":"","background-repeat":"repeat","background-position":"center center","background-size":"auto","background-attachment":"scroll","background-type":"","background-media":"","overlay-type":"","overlay-color":"","overlay-opacity":"","overlay-gradient":""}}},"product_brand":[],"product_cat":[77],"product_tag":[],"class_list":{"0":"post-5198","1":"product","2":"type-product","3":"status-publish","4":"has-post-thumbnail","6":"product_cat-online","7":"desktop-align-left","8":"tablet-align-left","9":"mobile-align-left","11":"first","12":"instock","13":"shipping-taxable","14":"purchasable","15":"product-type-simple"},"_links":{"self":[{"href":"https:\/\/katarinaramljak.com\/en\/wp-json\/wp\/v2\/product\/5198","targetHints":{"allow":["GET"]}}],"collection":[{"href":"https:\/\/katarinaramljak.com\/en\/wp-json\/wp\/v2\/product"}],"about":[{"href":"https:\/\/katarinaramljak.com\/en\/wp-json\/wp\/v2\/types\/product"}],"wp:featuredmedia":[{"embeddable":true,"href":"https:\/\/katarinaramljak.com\/en\/wp-json\/wp\/v2\/media\/5202"}],"wp:attachment":[{"href":"https:\/\/katarinaramljak.com\/en\/wp-json\/wp\/v2\/media?parent=5198"}],"wp:term":[{"taxonomy":"product_brand","embeddable":true,"href":"https:\/\/katarinaramljak.com\/en\/wp-json\/wp\/v2\/product_brand?post=5198"},{"taxonomy":"product_cat","embeddable":true,"href":"https:\/\/katarinaramljak.com\/en\/wp-json\/wp\/v2\/product_cat?post=5198"},{"taxonomy":"product_tag","embeddable":true,"href":"https:\/\/katarinaramljak.com\/en\/wp-json\/wp\/v2\/product_tag?post=5198"}],"curies":[{"name":"wp","href":"https:\/\/api.w.org\/{rel}","templated":true}]}}