{"id":5216,"date":"2026-04-21T17:38:51","date_gmt":"2026-04-21T17:38:51","guid":{"rendered":"https:\/\/katarinaramljak.com\/?post_type=product&#038;p=5216"},"modified":"2026-04-21T17:54:06","modified_gmt":"2026-04-21T17:54:06","slug":"kako-postati-novac-radna-biljeznica","status":"publish","type":"product","link":"https:\/\/katarinaramljak.com\/en\/product\/kako-postati-novac-radna-biljeznica\/","title":{"rendered":"Online serija poziva &#8220;Kako postati novac &#8211; radna bilje\u017enica&#8221;"},"content":{"rendered":"<p>Koliko skrivenih gledi\u0161ta i uvjerenja imate o novcu?<\/p>\n<p>\u0160to mislite, ako biste ih se rije\u0161ili da li bi vam bilo lak\u0161e imati vi\u0161e novca? Bi li imali vi\u0161e mira s financijama? Da li bi napokon do\u0161li do onoga \u0161to je va\u0161a financijska realnost?<\/p>\n<p>Kako postati novac radna bilje\u017enica je osmi\u0161ljena kako bi do\u0161li do tih skrivenih ludih gledi\u0161ta koja ni ne znamo da imamo. Tu su pitanja na koja \u0107emo odgovarati, a sve je zabavnije i dinami\u010dnije u dru\u0161tvu. Posebno zato \u0161to je Gary rekao da ako je budete radili svako 2 tjedna, 6 mjeseci, da \u0107e vam se promijeniti cijela financijska realnost.<\/p>\n<p>Jeste za?<\/p>\n<p>Prvi poziv je u ponedjeljak 27.4. u 20:30 i drugi 11.5. u 20:30<\/p>\n<p>Cijena 2 poziva mjese\u010dno je 80 eura i pla\u0107a se mjese\u010dno. Program \u0107e trajati 6 mjeseci.<\/p>\n<p>Koliko zabave mo\u017eemo imati s promjenom gledi\u0161ta o novcu?<\/p>","protected":false},"excerpt":{"rendered":"<p>Koliko skrivenih gledi\u0161ta i uvjerenja imate o novcu? \u0160to mislite, ako biste ih se rije\u0161ili da li bi vam bilo lak\u0161e imati vi\u0161e novca? Bi li imali vi\u0161e mira s financijama? Da li bi napokon do\u0161li do onoga \u0161to je va\u0161a financijska realnost? Kako postati novac radna bilje\u017enica je osmi\u0161ljena kako bi do\u0161li do tih [&hellip;]<\/p>","protected":false},"featured_media":5219,"template":"","meta":{"_seopress_robots_primary_cat":"none","_seopress_titles_title":"","_seopress_titles_desc":"","_seopress_robots_index":"","site-sidebar-layout":"default","site-content-layout":"","ast-site-content-layout":"default","site-content-style":"default","site-sidebar-style":"default","ast-global-header-display":"","ast-banner-title-visibility":"","ast-main-header-display":"","ast-hfb-above-header-display":"","ast-hfb-below-header-display":"","ast-hfb-mobile-header-display":"","site-post-title":"","ast-breadcrumbs-content":"","ast-featured-img":"","footer-sml-layout":"","ast-disable-related-posts":"","theme-transparent-header-meta":"default","adv-header-id-meta":"","stick-header-meta":"","header-above-stick-meta":"","header-main-stick-meta":"","header-below-stick-meta":"","astra-migrate-meta-layouts":"set","ast-page-background-enabled":"default","ast-page-background-meta":{"desktop":{"background-color":"var(--ast-global-color-4)","background-image":"","background-repeat":"repeat","background-position":"center center","background-size":"auto","background-attachment":"scroll","background-type":"","background-media":"","overlay-type":"","overlay-color":"","overlay-opacity":"","overlay-gradient":""},"tablet":{"background-color":"","background-image":"","background-repeat":"repeat","background-position":"center center","background-size":"auto","background-attachment":"scroll","background-type":"","background-media":"","overlay-type":"","overlay-color":"","overlay-opacity":"","overlay-gradient":""},"mobile":{"background-color":"","background-image":"","background-repeat":"repeat","background-position":"center center","background-size":"auto","background-attachment":"scroll","background-type":"","background-media":"","overlay-type":"","overlay-color":"","overlay-opacity":"","overlay-gradient":""}},"ast-content-background-meta":{"desktop":{"background-color":"var(--ast-global-color-5)","background-image":"","background-repeat":"repeat","background-position":"center center","background-size":"auto","background-attachment":"scroll","background-type":"","background-media":"","overlay-type":"","overlay-color":"","overlay-opacity":"","overlay-gradient":""},"tablet":{"background-color":"var(--ast-global-color-5)","background-image":"","background-repeat":"repeat","background-position":"center center","background-size":"auto","background-attachment":"scroll","background-type":"","background-media":"","overlay-type":"","overlay-color":"","overlay-opacity":"","overlay-gradient":""},"mobile":{"background-color":"var(--ast-global-color-5)","background-image":"","background-repeat":"repeat","background-position":"center center","background-size":"auto","background-attachment":"scroll","background-type":"","background-media":"","overlay-type":"","overlay-color":"","overlay-opacity":"","overlay-gradient":""}}},"product_brand":[],"product_cat":[77],"product_tag":[],"class_list":{"0":"post-5216","1":"product","2":"type-product","3":"status-publish","4":"has-post-thumbnail","6":"product_cat-online","7":"desktop-align-left","8":"tablet-align-left","9":"mobile-align-left","11":"first","12":"instock","13":"shipping-taxable","14":"purchasable","15":"product-type-simple"},"_links":{"self":[{"href":"https:\/\/katarinaramljak.com\/en\/wp-json\/wp\/v2\/product\/5216","targetHints":{"allow":["GET"]}}],"collection":[{"href":"https:\/\/katarinaramljak.com\/en\/wp-json\/wp\/v2\/product"}],"about":[{"href":"https:\/\/katarinaramljak.com\/en\/wp-json\/wp\/v2\/types\/product"}],"wp:featuredmedia":[{"embeddable":true,"href":"https:\/\/katarinaramljak.com\/en\/wp-json\/wp\/v2\/media\/5219"}],"wp:attachment":[{"href":"https:\/\/katarinaramljak.com\/en\/wp-json\/wp\/v2\/media?parent=5216"}],"wp:term":[{"taxonomy":"product_brand","embeddable":true,"href":"https:\/\/katarinaramljak.com\/en\/wp-json\/wp\/v2\/product_brand?post=5216"},{"taxonomy":"product_cat","embeddable":true,"href":"https:\/\/katarinaramljak.com\/en\/wp-json\/wp\/v2\/product_cat?post=5216"},{"taxonomy":"product_tag","embeddable":true,"href":"https:\/\/katarinaramljak.com\/en\/wp-json\/wp\/v2\/product_tag?post=5216"}],"curies":[{"name":"wp","href":"https:\/\/api.w.org\/{rel}","templated":true}]}}